{"id":284,"date":"2024-02-05T05:41:38","date_gmt":"2024-02-05T04:41:38","guid":{"rendered":"http:\/\/xn--littra-eva.com\/?page_id=284"},"modified":"2025-04-16T16:53:18","modified_gmt":"2025-04-16T14:53:18","slug":"conferences","status":"publish","type":"page","link":"https:\/\/xn--littra-eva.com\/index.php\/conferences\/","title":{"rendered":"CONFERENCES"},"content":{"rendered":"\n<p class=\"has-text-align-center has-medium-font-size\">Le cycle de conf\u00e9rences LITTERA 2025-2026 est plac\u00e9 sous l&rsquo;\u00e9gide du triptyque :<\/p>\n\n\n\n<h3 class=\"wp-block-heading has-text-align-center\">Ethique, responsabilit\u00e9 et int\u00e9grit\u00e9<\/h3>\n\n\n\n<p class=\"has-medium-font-size\">Si l&rsquo;on devait identifier un trait commun parmi ces illustres figures mythiques que sont Marc Aur\u00e8le, Antoine de Saint-Exup\u00e9ry et Simone Weil, ce serait le degr\u00e9 d&rsquo;exigence \u00e9thique qu&rsquo;ils s&rsquo;imposaient pour faire face aux \u00e9v\u00e8nements.<\/p>\n\n\n\n<p class=\"has-medium-font-size\">Car en face \u00e9tait la guerre.<\/p>\n\n\n\n<p class=\"has-medium-font-size\">De guerre il est question dans la conf\u00e9rence sur Sun Tzu, qui , m\u00eame s&rsquo;il est connu et cit\u00e9 mondialement, les fondements de sa pens\u00e9e restent quasiment ignor\u00e9s.<\/p>\n\n\n\n<p class=\"has-medium-font-size\">Plut\u00f4t que de guerre, c&rsquo;est de victoire dont il est question dans les \u00e9crits de Sun Tzu, une victoire qui respecte une s\u00e9rie de conditions qui, si elles \u00e9taient ignor\u00e9es, provoquerait un d\u00e9cha\u00eenement de violence et une mont\u00e9e aux extr\u00eames pour reprendre le th\u00e8me cher \u00e0 Clausewitz.<\/p>\n\n\n\n<div style=\"height:43px\" aria-hidden=\"true\" class=\"wp-block-spacer\"><\/div>\n\n\n\n<h3 class=\"wp-block-heading has-text-align-center\">Courage, volont\u00e9 et d\u00e9termination<\/h3>\n\n\n\n<p class=\"has-medium-font-size\">Nous vous proposons de remonter aux sources du temp\u00e9rament des ces quatre personnages pour tenter de comprendre de quel courage \u00e9tait tiss\u00e9 leur c\u0153ur, d&rsquo;explorer les belles fondations sur lesquelles reposent leur architecture de pens\u00e9e et d&rsquo;esquisser cet id\u00e9al d&rsquo;humanit\u00e9 que tous cherchaient \u00e0 pr\u00e9server co\u00fbte que co\u00fbte.<\/p>\n\n\n\n<div style=\"height:49px\" aria-hidden=\"true\" class=\"wp-block-spacer\"><\/div>\n\n\n\n<h3 class=\"wp-block-heading has-text-align-center\"><strong>Bien voir, bien penser, bien agir<\/strong><\/h3>\n\n\n\n<p class=\"has-medium-font-size\">Les conf\u00e9rences ont pour vocation de faire d\u00e9couvrir la pens\u00e9e d&rsquo;un auteur autour de citations tir\u00e9es de leurs \u0153uvres.  Les citations sont projet\u00e9es sur \u00e9cran et constituent la trames de l&rsquo;expos\u00e9. <\/p>\n\n\n\n<p class=\"has-medium-font-size\">Les \u0153uvres dont il sera question sont accessibles dans toutes les librairies, voire sur internet en format libre. Nous tenons \u00e0 garder accessibles \u00e0 tous les arguments d\u00e9velopp\u00e9s lors de la s\u00e9ance. Les citations sont sourc\u00e9es de mani\u00e8re \u00e0 ce que chacun puisse les retrouver dans les \u0153uvres de l&rsquo;auteur et continuer ainsi son propre cheminement intellectuel.<\/p>\n\n\n\n<p class=\"has-medium-font-size\"> Les th\u00e8mes sont expos\u00e9s de mani\u00e8re \u00e0 ce que tous puisse en retirer le meilleur pour lui-m\u00eame. <\/p>\n\n\n\n<div style=\"height:134px\" aria-hidden=\"true\" class=\"wp-block-spacer\"><\/div>\n\n\n\n<figure class=\"wp-block-image size-full is-resized\"><img loading=\"lazy\" decoding=\"async\" width=\"2111\" height=\"1220\" src=\"https:\/\/xn--littra-eva.com\/wp-content\/uploads\/2025\/04\/CONF_WEIL_2025_CONFERENCES_06.jpg\" alt=\"\" class=\"wp-image-712\" style=\"width:1140px;height:auto\" srcset=\"https:\/\/xn--littra-eva.com\/wp-content\/uploads\/2025\/04\/CONF_WEIL_2025_CONFERENCES_06.jpg 2111w, https:\/\/xn--littra-eva.com\/wp-content\/uploads\/2025\/04\/CONF_WEIL_2025_CONFERENCES_06-300x173.jpg 300w, https:\/\/xn--littra-eva.com\/wp-content\/uploads\/2025\/04\/CONF_WEIL_2025_CONFERENCES_06-1024x592.jpg 1024w, https:\/\/xn--littra-eva.com\/wp-content\/uploads\/2025\/04\/CONF_WEIL_2025_CONFERENCES_06-2000x1156.jpg 2000w\" sizes=\"auto, (max-width: 2111px) 100vw, 2111px\" \/><\/figure>\n\n\n\n<p class=\"has-medium-font-size\"><strong>Simone Weil : l\u2019intellectuelle r\u00e9volt\u00e9e&nbsp;!<\/strong><\/p>\n\n\n\n<p class=\"has-medium-font-size\">Solidaire jusque dans sa chair, volontaire au plus pr\u00e8s des combats, engag\u00e9e jusqu\u2019\u00e0 la souffrance, entre imp\u00e9ratif moral et besoins de l\u2019\u00e2me, la pens\u00e9e en action de Simone Weil dessine une constellation d\u2019\u00e9toiles m\u00e9taphysiques, d\u2019inspirations math\u00e9matiques et d\u2019engagements politiques.<\/p>\n\n\n\n<p class=\"has-medium-font-size\">La d\u00e9marche spirituelle, profonde, et parfois paradoxale qu\u2019incarnait Simone Weil jusque dans ses actes, est tiss\u00e9e de forces mystiques, spirituelles et philosophiques avec comme constance dans l\u2019\u00e9thique le souci des \u00e2mes oppress\u00e9es.<\/p>\n\n\n\n<div style=\"height:131px\" aria-hidden=\"true\" class=\"wp-block-spacer\"><\/div>\n\n\n\n<figure class=\"wp-block-image size-full is-resized\"><img loading=\"lazy\" decoding=\"async\" width=\"2111\" height=\"1220\" src=\"https:\/\/xn--littra-eva.com\/wp-content\/uploads\/2025\/04\/CONF_EXUPERY_2025_09.jpg\" alt=\"\" class=\"wp-image-710\" style=\"width:1140px;height:auto\" srcset=\"https:\/\/xn--littra-eva.com\/wp-content\/uploads\/2025\/04\/CONF_EXUPERY_2025_09.jpg 2111w, https:\/\/xn--littra-eva.com\/wp-content\/uploads\/2025\/04\/CONF_EXUPERY_2025_09-300x173.jpg 300w, https:\/\/xn--littra-eva.com\/wp-content\/uploads\/2025\/04\/CONF_EXUPERY_2025_09-1024x592.jpg 1024w, https:\/\/xn--littra-eva.com\/wp-content\/uploads\/2025\/04\/CONF_EXUPERY_2025_09-2000x1156.jpg 2000w\" sizes=\"auto, (max-width: 2111px) 100vw, 2111px\" \/><\/figure>\n\n\n\n<div style=\"height:45px\" aria-hidden=\"true\" class=\"wp-block-spacer\"><\/div>\n\n\n\n<p class=\"has-medium-font-size\"><strong>Antoine de Saint-Exup\u00e9ry : Terre des hommes<\/strong><\/p>\n\n\n\n<p class=\"has-medium-font-size\">Avancer, encore, toujours, \u00e9lancer cet ultime pas, ne reculer que pour aller chercher nos camarades.<\/p>\n\n\n\n<p class=\"has-medium-font-size\">Le pilote-\u00e9crivain nous fait d\u00e9couvrir le caract\u00e8re sacr\u00e9 de la mission dans cette r\u00e9gion du c\u0153ur que peu connaissent.<\/p>\n\n\n\n<div style=\"height:126px\" aria-hidden=\"true\" class=\"wp-block-spacer\"><\/div>\n\n\n\n<p><\/p>\n\n\n\n<figure class=\"wp-block-image size-full\"><img loading=\"lazy\" decoding=\"async\" width=\"2111\" height=\"1220\" src=\"https:\/\/xn--littra-eva.com\/wp-content\/uploads\/2025\/04\/CONF_AURELE_2025_05.jpg\" alt=\"\" class=\"wp-image-718\" srcset=\"https:\/\/xn--littra-eva.com\/wp-content\/uploads\/2025\/04\/CONF_AURELE_2025_05.jpg 2111w, https:\/\/xn--littra-eva.com\/wp-content\/uploads\/2025\/04\/CONF_AURELE_2025_05-300x173.jpg 300w, https:\/\/xn--littra-eva.com\/wp-content\/uploads\/2025\/04\/CONF_AURELE_2025_05-1024x592.jpg 1024w, https:\/\/xn--littra-eva.com\/wp-content\/uploads\/2025\/04\/CONF_AURELE_2025_05-2000x1156.jpg 2000w\" sizes=\"auto, (max-width: 2111px) 100vw, 2111px\" \/><\/figure>\n\n\n\n<div style=\"height:var(--wp--preset--spacing--x-large)\" aria-hidden=\"true\" class=\"wp-block-spacer\"><\/div>\n\n\n\n<figure class=\"wp-block-image size-full is-resized\"><img loading=\"lazy\" decoding=\"async\" width=\"2111\" height=\"1220\" src=\"https:\/\/xn--littra-eva.com\/wp-content\/uploads\/2025\/04\/CONF_ART_GUERRE_2025_06.jpg\" alt=\"\" class=\"wp-image-720\" style=\"width:1140px;height:auto\" srcset=\"https:\/\/xn--littra-eva.com\/wp-content\/uploads\/2025\/04\/CONF_ART_GUERRE_2025_06.jpg 2111w, https:\/\/xn--littra-eva.com\/wp-content\/uploads\/2025\/04\/CONF_ART_GUERRE_2025_06-300x173.jpg 300w, https:\/\/xn--littra-eva.com\/wp-content\/uploads\/2025\/04\/CONF_ART_GUERRE_2025_06-1024x592.jpg 1024w, https:\/\/xn--littra-eva.com\/wp-content\/uploads\/2025\/04\/CONF_ART_GUERRE_2025_06-2000x1156.jpg 2000w\" sizes=\"auto, (max-width: 2111px) 100vw, 2111px\" \/><\/figure>\n\n\n\n<div style=\"height:179px\" aria-hidden=\"true\" class=\"wp-block-spacer\"><\/div>\n\n\n\n<p><\/p>\n\n\n\n<p><\/p>\n\n\n\n<p><\/p>\n\n\n\n<p><\/p>\n\n\n\n<p><\/p>\n\n\n\n<p><\/p>\n\n\n\n<p><\/p>\n","protected":false},"excerpt":{"rendered":"<p>Le cycle de conf\u00e9rences LITTERA 2025-2026 est plac\u00e9 sous l&rsquo;\u00e9gide du triptyque : Ethique, responsabilit\u00e9 et int\u00e9grit\u00e9 Si l&rsquo;on devait identifier un trait commun parmi ces illustres figures mythiques que sont Marc Aur\u00e8le, Antoine de Saint-Exup\u00e9ry et Simone Weil, ce serait le degr\u00e9 d&rsquo;exigence \u00e9thique qu&rsquo;ils s&rsquo;imposaient pour faire face aux \u00e9v\u00e8nements. Car en face &hellip; <\/p>\n<p class=\"link-more\"><a href=\"https:\/\/xn--littra-eva.com\/index.php\/conferences\/\" class=\"more-link\">Lire la suite de<span class=\"screen-reader-text\">\u00ab\u00a0CONFERENCES\u00a0\u00bb<\/span><\/a><\/p>\n","protected":false},"author":1,"featured_media":0,"parent":0,"menu_order":0,"comment_status":"closed","ping_status":"closed","template":"page-templates\/no-title.php","meta":{"footnotes":""},"class_list":["post-284","page","type-page","status-publish","hentry"],"_links":{"self":[{"href":"https:\/\/xn--littra-eva.com\/index.php\/wp-json\/wp\/v2\/pages\/284","targetHints":{"allow":["GET"]}}],"collection":[{"href":"https:\/\/xn--littra-eva.com\/index.php\/wp-json\/wp\/v2\/pages"}],"about":[{"href":"https:\/\/xn--littra-eva.com\/index.php\/wp-json\/wp\/v2\/types\/page"}],"author":[{"embeddable":true,"href":"https:\/\/xn--littra-eva.com\/index.php\/wp-json\/wp\/v2\/users\/1"}],"replies":[{"embeddable":true,"href":"https:\/\/xn--littra-eva.com\/index.php\/wp-json\/wp\/v2\/comments?post=284"}],"version-history":[{"count":10,"href":"https:\/\/xn--littra-eva.com\/index.php\/wp-json\/wp\/v2\/pages\/284\/revisions"}],"predecessor-version":[{"id":721,"href":"https:\/\/xn--littra-eva.com\/index.php\/wp-json\/wp\/v2\/pages\/284\/revisions\/721"}],"wp:attachment":[{"href":"https:\/\/xn--littra-eva.com\/index.php\/wp-json\/wp\/v2\/media?parent=284"}],"curies":[{"name":"wp","href":"https:\/\/api.w.org\/{rel}","templated":true}]}}