{"id":361,"date":"2024-02-13T05:50:42","date_gmt":"2024-02-13T04:50:42","guid":{"rendered":"http:\/\/xn--littra-eva.com\/?page_id=361"},"modified":"2025-07-07T04:20:48","modified_gmt":"2025-07-07T02:20:48","slug":"ateliers-philo","status":"publish","type":"page","link":"https:\/\/xn--littra-eva.com\/index.php\/ateliers-philo\/","title":{"rendered":"AMITI\u00c9S PHILOSOPHIQUES"},"content":{"rendered":"\n<p><\/p>\n\n\n\n<p class=\"has-medium-font-size\">Les Amiti\u00e9s Philosophiques sont des <strong>moments privil\u00e9gi\u00e9s<\/strong> d&rsquo;\u00e9changes, d&rsquo;\u00e9coute et de prise de parole.<\/p>\n\n\n\n<p class=\"has-medium-font-size\">Ce sont des groupes ouverts \u00e0 tout public o\u00f9 nous est donn\u00e9e l&rsquo;occasion d&rsquo;approcher philosophiquement toutes ces questions qui nous travaillent au quotidien : libres jusqu&rsquo;o\u00f9 ? Peut-on vivre sans musique ? est-il un sens \u00e0 la vie ? <\/p>\n\n\n\n<p class=\"has-medium-font-size\">Nous partageons nos points de vue autour d&rsquo;une citation qui est projet\u00e9e \u00e0 l&rsquo;\u00e9cran, ensuite nous cheminons sur une citation suivante qui vient compl\u00e9ter la premi\u00e8re, ou la contredire, puis nous m\u00e9ditons autour d&rsquo;un tableau choisi par l&rsquo;animateur ou le public, et <strong>progressons ensemble<\/strong> au c\u0153ur du th\u00e8me.<\/p>\n\n\n\n<p class=\"has-medium-font-size\">M\u00eame si l&rsquo;objectif final est propre \u00e0 chacun, chacun sera surpris de l&rsquo;<strong>enrichissement culturel<\/strong>  que lui fournira le collectif. <\/p>\n\n\n\n<p class=\"has-medium-font-size\">Nul n&rsquo;est tenu de prendre la parole, c&rsquo;est plut\u00f4t <strong>la parole qui nous prend<\/strong>.<\/p>\n\n\n\n<p><\/p>\n\n\n\n<p class=\"has-text-align-center has-medium-font-size\">Voici notre leit-motiv : <\/p>\n\n\n\n<p class=\"has-text-align-center has-medium-font-size\">\u00ab\u00a0<strong>Venez avec vos r\u00e9ponses, nous avons les questions<\/strong>\u00a0\u00bb <br><br><\/p>\n\n\n\n<p class=\"has-text-align-center\" style=\"font-size:clamp(15.747px, 0.984rem + ((1vw - 3.2px) * 0.86), 24px);\"><br>Voici les th\u00e8mes de l&rsquo;ann\u00e9e 2025 \/ 2026 :<\/p>\n\n\n\n<figure class=\"wp-block-image size-full is-resized\"><img loading=\"lazy\" decoding=\"async\" width=\"1920\" height=\"1005\" src=\"https:\/\/xn--littra-eva.com\/wp-content\/uploads\/2025\/04\/LITTERA_2026_ATELIER_PHILO_DECISIONS.jpg\" alt=\"\" class=\"wp-image-651\" style=\"width:1140px;height:auto\" srcset=\"https:\/\/xn--littra-eva.com\/wp-content\/uploads\/2025\/04\/LITTERA_2026_ATELIER_PHILO_DECISIONS.jpg 1920w, https:\/\/xn--littra-eva.com\/wp-content\/uploads\/2025\/04\/LITTERA_2026_ATELIER_PHILO_DECISIONS-300x157.jpg 300w, https:\/\/xn--littra-eva.com\/wp-content\/uploads\/2025\/04\/LITTERA_2026_ATELIER_PHILO_DECISIONS-1024x536.jpg 1024w\" sizes=\"auto, (max-width: 1920px) 100vw, 1920px\" \/><\/figure>\n\n\n\n<p><\/p>\n\n\n\n<figure class=\"wp-block-image size-full is-resized\"><img loading=\"lazy\" decoding=\"async\" width=\"1920\" height=\"1005\" src=\"https:\/\/xn--littra-eva.com\/wp-content\/uploads\/2025\/04\/LITTERA_2026_ATELIER_PHILO_ESTIME-DE-SOI_V2.jpg\" alt=\"\" class=\"wp-image-703\" style=\"object-fit:cover;width:1140px;height:auto\" srcset=\"https:\/\/xn--littra-eva.com\/wp-content\/uploads\/2025\/04\/LITTERA_2026_ATELIER_PHILO_ESTIME-DE-SOI_V2.jpg 1920w, https:\/\/xn--littra-eva.com\/wp-content\/uploads\/2025\/04\/LITTERA_2026_ATELIER_PHILO_ESTIME-DE-SOI_V2-300x157.jpg 300w, https:\/\/xn--littra-eva.com\/wp-content\/uploads\/2025\/04\/LITTERA_2026_ATELIER_PHILO_ESTIME-DE-SOI_V2-1024x536.jpg 1024w\" sizes=\"auto, (max-width: 1920px) 100vw, 1920px\" \/><\/figure>\n\n\n\n<p><\/p>\n\n\n\n<figure class=\"wp-block-image size-full\"><img loading=\"lazy\" decoding=\"async\" width=\"1920\" height=\"1005\" src=\"https:\/\/xn--littra-eva.com\/wp-content\/uploads\/2025\/04\/LITTERA_2026_ATELIER_PHILO_CONFIANCE_V2.jpg\" alt=\"\" class=\"wp-image-701\" srcset=\"https:\/\/xn--littra-eva.com\/wp-content\/uploads\/2025\/04\/LITTERA_2026_ATELIER_PHILO_CONFIANCE_V2.jpg 1920w, https:\/\/xn--littra-eva.com\/wp-content\/uploads\/2025\/04\/LITTERA_2026_ATELIER_PHILO_CONFIANCE_V2-300x157.jpg 300w, https:\/\/xn--littra-eva.com\/wp-content\/uploads\/2025\/04\/LITTERA_2026_ATELIER_PHILO_CONFIANCE_V2-1024x536.jpg 1024w\" sizes=\"auto, (max-width: 1920px) 100vw, 1920px\" \/><\/figure>\n\n\n\n<p><\/p>\n\n\n\n<figure class=\"wp-block-image size-full is-resized\"><img loading=\"lazy\" decoding=\"async\" width=\"1920\" height=\"1005\" src=\"https:\/\/xn--littra-eva.com\/wp-content\/uploads\/2025\/04\/LITTERA_2026_ATELIER_PHILO_AIMER_INNOCEMMENT_V2.jpg\" alt=\"\" class=\"wp-image-699\" style=\"width:1140px;height:auto\" srcset=\"https:\/\/xn--littra-eva.com\/wp-content\/uploads\/2025\/04\/LITTERA_2026_ATELIER_PHILO_AIMER_INNOCEMMENT_V2.jpg 1920w, https:\/\/xn--littra-eva.com\/wp-content\/uploads\/2025\/04\/LITTERA_2026_ATELIER_PHILO_AIMER_INNOCEMMENT_V2-300x157.jpg 300w, https:\/\/xn--littra-eva.com\/wp-content\/uploads\/2025\/04\/LITTERA_2026_ATELIER_PHILO_AIMER_INNOCEMMENT_V2-1024x536.jpg 1024w\" sizes=\"auto, (max-width: 1920px) 100vw, 1920px\" \/><\/figure>\n\n\n\n<p> <br><\/p>\n\n\n\n<p>  <br>  <\/p>\n","protected":false},"excerpt":{"rendered":"<p>Les Amiti\u00e9s Philosophiques sont des moments privil\u00e9gi\u00e9s d&rsquo;\u00e9changes, d&rsquo;\u00e9coute et de prise de parole. Ce sont des groupes ouverts \u00e0 tout public o\u00f9 nous est donn\u00e9e l&rsquo;occasion d&rsquo;approcher philosophiquement toutes ces questions qui nous travaillent au quotidien : libres jusqu&rsquo;o\u00f9 ? Peut-on vivre sans musique ? est-il un sens \u00e0 la vie ? Nous partageons &hellip; <\/p>\n<p class=\"link-more\"><a href=\"https:\/\/xn--littra-eva.com\/index.php\/ateliers-philo\/\" class=\"more-link\">Lire la suite de<span class=\"screen-reader-text\">\u00ab\u00a0AMITI\u00c9S PHILOSOPHIQUES\u00a0\u00bb<\/span><\/a><\/p>\n","protected":false},"author":1,"featured_media":0,"parent":0,"menu_order":0,"comment_status":"closed","ping_status":"closed","template":"","meta":{"footnotes":""},"class_list":["post-361","page","type-page","status-publish","hentry"],"_links":{"self":[{"href":"https:\/\/xn--littra-eva.com\/index.php\/wp-json\/wp\/v2\/pages\/361","targetHints":{"allow":["GET"]}}],"collection":[{"href":"https:\/\/xn--littra-eva.com\/index.php\/wp-json\/wp\/v2\/pages"}],"about":[{"href":"https:\/\/xn--littra-eva.com\/index.php\/wp-json\/wp\/v2\/types\/page"}],"author":[{"embeddable":true,"href":"https:\/\/xn--littra-eva.com\/index.php\/wp-json\/wp\/v2\/users\/1"}],"replies":[{"embeddable":true,"href":"https:\/\/xn--littra-eva.com\/index.php\/wp-json\/wp\/v2\/comments?post=361"}],"version-history":[{"count":8,"href":"https:\/\/xn--littra-eva.com\/index.php\/wp-json\/wp\/v2\/pages\/361\/revisions"}],"predecessor-version":[{"id":791,"href":"https:\/\/xn--littra-eva.com\/index.php\/wp-json\/wp\/v2\/pages\/361\/revisions\/791"}],"wp:attachment":[{"href":"https:\/\/xn--littra-eva.com\/index.php\/wp-json\/wp\/v2\/media?parent=361"}],"curies":[{"name":"wp","href":"https:\/\/api.w.org\/{rel}","templated":true}]}}