{"id":447,"date":"2025-02-05T03:02:56","date_gmt":"2025-02-05T02:02:56","guid":{"rendered":"https:\/\/xn--littra-eva.com\/?page_id=447"},"modified":"2025-07-07T04:18:33","modified_gmt":"2025-07-07T02:18:33","slug":"accueil-3","status":"publish","type":"page","link":"https:\/\/xn--littra-eva.com\/","title":{"rendered":"Accueil&#8211;2025"},"content":{"rendered":"\n<div style=\"height:44px\" aria-hidden=\"true\" class=\"wp-block-spacer\"><\/div>\n\n\n\n<h3 class=\"wp-block-heading has-text-align-center\" style=\"font-size:clamp(17.905px, 1.119rem + ((1vw - 3.2px) * 1.052), 28px);\"><strong>LITTERA est un blog litt\u00e9raire tout public.<\/strong><\/h3>\n\n\n\n<div style=\"height:25px\" aria-hidden=\"true\" class=\"wp-block-spacer\"><\/div>\n\n\n\n<p style=\"font-size:clamp(16.834px, 1.052rem + ((1vw - 3.2px) * 0.955), 26px);\">Les \u0153uvres pr\u00e9sent\u00e9es sur LITTERA appartiennent essentiellement au <strong>corpus classique<\/strong> de la litt\u00e9rature et de la philosophie : Trag\u00e9dies, nouvelles, romans et essais.<\/p>\n\n\n\n<div style=\"height:36px\" aria-hidden=\"true\" class=\"wp-block-spacer\"><\/div>\n\n\n\n<p style=\"font-size:clamp(15.747px, 0.984rem + ((1vw - 3.2px) * 0.86), 24px);letter-spacing:1px\"><\/p>\n\n\n\n<div style=\"height:32px\" aria-hidden=\"true\" class=\"wp-block-spacer\"><\/div>\n\n\n\n<figure class=\"wp-block-image alignwide size-full\"><img loading=\"lazy\" decoding=\"async\" width=\"1200\" height=\"760\" src=\"https:\/\/xn--littra-eva.com\/wp-content\/uploads\/2025\/04\/LITTERA-2026-WEIL_INTRO_PAPIER_03.jpg\" alt=\"\" class=\"wp-image-683\" srcset=\"https:\/\/xn--littra-eva.com\/wp-content\/uploads\/2025\/04\/LITTERA-2026-WEIL_INTRO_PAPIER_03.jpg 1200w, https:\/\/xn--littra-eva.com\/wp-content\/uploads\/2025\/04\/LITTERA-2026-WEIL_INTRO_PAPIER_03-300x190.jpg 300w, https:\/\/xn--littra-eva.com\/wp-content\/uploads\/2025\/04\/LITTERA-2026-WEIL_INTRO_PAPIER_03-1024x649.jpg 1024w\" sizes=\"auto, (max-width: 1200px) 100vw, 1200px\" \/><\/figure>\n\n\n\n<div style=\"height:49px\" aria-hidden=\"true\" class=\"wp-block-spacer\"><\/div>\n\n\n\n<h3 class=\"wp-block-heading has-text-align-center\" style=\"font-size:clamp(17.905px, 1.119rem + ((1vw - 3.2px) * 1.052), 28px);\"><strong><strong>Devoir, courage, engagement, et forces morales<\/strong><\/strong><\/h3>\n\n\n\n<div style=\"height:25px\" aria-hidden=\"true\" class=\"wp-block-spacer\"><\/div>\n\n\n\n<p style=\"font-size:clamp(16.834px, 1.052rem + ((1vw - 3.2px) * 0.955), 26px);letter-spacing:1px\">La vocation du blog LITTERA est de pr\u00e9senter une \u0153uvre \u00e0 travers le prisme de la philosophie \u00e9thique et morale.<\/p>\n\n\n\n<p style=\"font-size:clamp(16.834px, 1.052rem + ((1vw - 3.2px) * 0.955), 26px);letter-spacing:1px\">Cette approche permet de mettre en lumi\u00e8re les <strong>forces morales<\/strong> souvent insoup\u00e7onn\u00e9es qui fondent silencieusement une \u0153uvre et dont toute la structure d\u00e9pend.<\/p>\n\n\n\n<div style=\"height:50px\" aria-hidden=\"true\" class=\"wp-block-spacer\"><\/div>\n\n\n\n<figure class=\"wp-block-image alignwide size-full\"><img loading=\"lazy\" decoding=\"async\" width=\"1200\" height=\"760\" src=\"https:\/\/xn--littra-eva.com\/wp-content\/uploads\/2025\/04\/LITTERA-2026-EXUPERY_INTRO_PAPIER_03.jpg\" alt=\"\" class=\"wp-image-679\" srcset=\"https:\/\/xn--littra-eva.com\/wp-content\/uploads\/2025\/04\/LITTERA-2026-EXUPERY_INTRO_PAPIER_03.jpg 1200w, https:\/\/xn--littra-eva.com\/wp-content\/uploads\/2025\/04\/LITTERA-2026-EXUPERY_INTRO_PAPIER_03-300x190.jpg 300w, https:\/\/xn--littra-eva.com\/wp-content\/uploads\/2025\/04\/LITTERA-2026-EXUPERY_INTRO_PAPIER_03-1024x649.jpg 1024w\" sizes=\"auto, (max-width: 1200px) 100vw, 1200px\" \/><\/figure>\n\n\n\n<div style=\"height:50px\" aria-hidden=\"true\" class=\"wp-block-spacer\"><\/div>\n\n\n\n<h3 class=\"wp-block-heading has-text-align-center\" style=\"font-size:clamp(17.905px, 1.119rem + ((1vw - 3.2px) * 1.052), 28px);\"><strong><strong>Les Amiti\u00e9s Philosophiques<\/strong><\/strong><\/h3>\n\n\n\n<div style=\"height:25px\" aria-hidden=\"true\" class=\"wp-block-spacer\"><\/div>\n\n\n\n<p style=\"font-size:clamp(15.747px, 0.984rem + ((1vw - 3.2px) * 0.86), 24px);letter-spacing:1px\">Plus souvent connus sous l\u2019appellation de \u201ccaf\u00e9s-philo\u201d, les \u00ab\u00a0amiti\u00e9s philosophiques\u00a0\u00bb sont des ateliers d&rsquo;\u00e9change. <\/p>\n\n\n\n<p style=\"font-size:clamp(15.747px, 0.984rem + ((1vw - 3.2px) * 0.86), 24px);letter-spacing:1px\">Ils sont organis\u00e9s de telle mani\u00e8re qu&rsquo;ils permettent \u00e0 tous d&rsquo;approcher avec douceur des th\u00e8mes philosophiques de s&rsquo;ouvrir \u00e0 d\u2019autres perspectives de pens\u00e9es.<\/p>\n\n\n\n<p style=\"font-size:clamp(15.747px, 0.984rem + ((1vw - 3.2px) * 0.86), 24px);letter-spacing:1px\">Vous y serez entour\u00e9(e) de personnes courtoises, bienveillantes et r\u00e9fl\u00e9chies.<br><\/p>\n\n\n\n<div style=\"height:35px\" aria-hidden=\"true\" class=\"wp-block-spacer\"><\/div>\n\n\n\n<p style=\"font-size:clamp(15.747px, 0.984rem + ((1vw - 3.2px) * 0.86), 24px);letter-spacing:1px\">Les th\u00e8mes abord\u00e9s appartiennent au registre classique des caf\u00e9s-philo : nous devisons de l\u2019<strong>amiti\u00e9<\/strong>, de l\u2019<strong>amour<\/strong>, de la finalit\u00e9 de l\u2019<strong>art <\/strong>ou des <strong>bienfaits de la solitude<\/strong>.<br><\/p>\n\n\n\n<div style=\"height:56px\" aria-hidden=\"true\" class=\"wp-block-spacer\"><\/div>\n\n\n\n<p style=\"font-size:clamp(15.747px, 0.984rem + ((1vw - 3.2px) * 0.86), 24px);\">Retrouvez les th\u00e8mes 2025 \/ 2026 sur cette page : <a href=\"https:\/\/xn--littra-eva.com\/index.php\/ateliers-philo\/\" data-type=\"page\" data-id=\"361\">Amiti\u00e9s Philosophiques<\/a><\/p>\n\n\n\n<p style=\"font-size:clamp(15.747px, 0.984rem + ((1vw - 3.2px) * 0.86), 24px);letter-spacing:1px\">Que vous veniez vous exprimer, ou simplement \u00e9couter pour vous enrichir, vous serez accueilli(e) au sein d\u2019un groupe o\u00f9 la <strong>bienveillance <\/strong>est le moteur de nos \u00e9changes.<\/p>\n\n\n\n<div style=\"height:51px\" aria-hidden=\"true\" class=\"wp-block-spacer\"><\/div>\n\n\n\n<figure class=\"wp-block-image alignwide size-full\"><img loading=\"lazy\" decoding=\"async\" width=\"1200\" height=\"760\" src=\"https:\/\/xn--littra-eva.com\/wp-content\/uploads\/2025\/04\/LITTERA-2026-CHAR_INTRO_PAPIER_04.jpg\" alt=\"\" class=\"wp-image-687\" srcset=\"https:\/\/xn--littra-eva.com\/wp-content\/uploads\/2025\/04\/LITTERA-2026-CHAR_INTRO_PAPIER_04.jpg 1200w, https:\/\/xn--littra-eva.com\/wp-content\/uploads\/2025\/04\/LITTERA-2026-CHAR_INTRO_PAPIER_04-300x190.jpg 300w, https:\/\/xn--littra-eva.com\/wp-content\/uploads\/2025\/04\/LITTERA-2026-CHAR_INTRO_PAPIER_04-1024x649.jpg 1024w\" sizes=\"auto, (max-width: 1200px) 100vw, 1200px\" \/><\/figure>\n\n\n\n<div style=\"height:46px\" aria-hidden=\"true\" class=\"wp-block-spacer\"><\/div>\n\n\n\n<h3 class=\"wp-block-heading has-text-align-center\" style=\"font-size:clamp(17.905px, 1.119rem + ((1vw - 3.2px) * 1.052), 28px);\"><strong><strong>Conf\u00e9rences tout public<\/strong><\/strong><\/h3>\n\n\n\n<div style=\"height:25px\" aria-hidden=\"true\" class=\"wp-block-spacer\"><\/div>\n\n\n\n<p style=\"font-size:clamp(15.747px, 0.984rem + ((1vw - 3.2px) * 0.86), 24px);letter-spacing:1px\">Les conf\u00e9rences propos\u00e9es par LITTERA ont vocation de pr\u00e9senter l\u2019esprit qu\u2019animait un(e) auteur(ice), de faire comprendre comment il\/elle appr\u00e9hendait les notions de <strong>devoir<\/strong>, d\u2019<strong>engagement<\/strong>, de <strong>loyaut\u00e9<\/strong>.<\/p>\n\n\n\n<p style=\"font-size:clamp(15.747px, 0.984rem + ((1vw - 3.2px) * 0.86), 24px);letter-spacing:1px\">Les conf\u00e9rences sont tout public, aucun pr\u00e9requis n\u2019est n\u00e9cessaire pour appr\u00e9cier le voyage intellectuel et sentimental que nous vous proposons.<\/p>\n\n\n\n<p style=\"font-size:clamp(15.747px, 0.984rem + ((1vw - 3.2px) * 0.86), 24px);letter-spacing:1px\">Chaque conf\u00e9rence est adapt\u00e9e au public attendu, qu\u2019il soit compos\u00e9 de personnes civiles ou militaires, d\u2019entrepreneurs, d\u2019\u00e9tudiant(e)s ou personnes du Bel \u00c2ge.<\/p>\n\n\n\n<figure class=\"wp-block-image alignwide size-full\"><img loading=\"lazy\" decoding=\"async\" width=\"1200\" height=\"760\" src=\"https:\/\/xn--littra-eva.com\/wp-content\/uploads\/2025\/04\/LITTERA-2026-CAMUS_INTRO_PAPIER_05.jpg\" alt=\"\" class=\"wp-image-682\" srcset=\"https:\/\/xn--littra-eva.com\/wp-content\/uploads\/2025\/04\/LITTERA-2026-CAMUS_INTRO_PAPIER_05.jpg 1200w, https:\/\/xn--littra-eva.com\/wp-content\/uploads\/2025\/04\/LITTERA-2026-CAMUS_INTRO_PAPIER_05-300x190.jpg 300w, https:\/\/xn--littra-eva.com\/wp-content\/uploads\/2025\/04\/LITTERA-2026-CAMUS_INTRO_PAPIER_05-1024x649.jpg 1024w\" sizes=\"auto, (max-width: 1200px) 100vw, 1200px\" \/><\/figure>\n\n\n\n<div style=\"height:49px\" aria-hidden=\"true\" class=\"wp-block-spacer\"><\/div>\n\n\n\n<div style=\"height:44px\" aria-hidden=\"true\" class=\"wp-block-spacer\"><\/div>\n\n\n\n<div style=\"height:57px\" aria-hidden=\"true\" class=\"wp-block-spacer\"><\/div>\n\n\n\n<p class=\"has-text-align-center\" style=\"font-size:clamp(16.834px, 1.052rem + ((1vw - 3.2px) * 0.955), 26px);\">Bienvenue sur<br>LITTERA<\/p>\n\n\n\n<figure class=\"wp-block-image aligncenter size-full is-resized\"><img loading=\"lazy\" decoding=\"async\" width=\"691\" height=\"649\" src=\"https:\/\/xn--littra-eva.com\/wp-content\/uploads\/2025\/07\/LITTERA-LOGO-2026-BOLD-VERT_BLEU_DESATURE-V3-POUR-SITE-LTTR.jpg\" alt=\"\" class=\"wp-image-737\" style=\"width:141px;height:auto\" srcset=\"https:\/\/xn--littra-eva.com\/wp-content\/uploads\/2025\/07\/LITTERA-LOGO-2026-BOLD-VERT_BLEU_DESATURE-V3-POUR-SITE-LTTR.jpg 691w, https:\/\/xn--littra-eva.com\/wp-content\/uploads\/2025\/07\/LITTERA-LOGO-2026-BOLD-VERT_BLEU_DESATURE-V3-POUR-SITE-LTTR-300x282.jpg 300w\" sizes=\"auto, (max-width: 691px) 100vw, 691px\" \/><\/figure>\n","protected":false},"excerpt":{"rendered":"<p>LITTERA est un blog litt\u00e9raire tout public. Les \u0153uvres pr\u00e9sent\u00e9es sur LITTERA appartiennent essentiellement au corpus classique de la litt\u00e9rature et de la philosophie : Trag\u00e9dies, nouvelles, romans et essais. Devoir, courage, engagement, et forces morales La vocation du blog LITTERA est de pr\u00e9senter une \u0153uvre \u00e0 travers le prisme de la philosophie \u00e9thique et &hellip; <\/p>\n<p class=\"link-more\"><a href=\"https:\/\/xn--littra-eva.com\/\" class=\"more-link\">Lire la suite de<span class=\"screen-reader-text\">\u00ab\u00a0Accueil&#8211;2025\u00a0\u00bb<\/span><\/a><\/p>\n","protected":false},"author":1,"featured_media":0,"parent":0,"menu_order":0,"comment_status":"closed","ping_status":"closed","template":"page-templates\/no-title.php","meta":{"footnotes":""},"class_list":["post-447","page","type-page","status-publish","hentry"],"_links":{"self":[{"href":"https:\/\/xn--littra-eva.com\/index.php\/wp-json\/wp\/v2\/pages\/447","targetHints":{"allow":["GET"]}}],"collection":[{"href":"https:\/\/xn--littra-eva.com\/index.php\/wp-json\/wp\/v2\/pages"}],"about":[{"href":"https:\/\/xn--littra-eva.com\/index.php\/wp-json\/wp\/v2\/types\/page"}],"author":[{"embeddable":true,"href":"https:\/\/xn--littra-eva.com\/index.php\/wp-json\/wp\/v2\/users\/1"}],"replies":[{"embeddable":true,"href":"https:\/\/xn--littra-eva.com\/index.php\/wp-json\/wp\/v2\/comments?post=447"}],"version-history":[{"count":41,"href":"https:\/\/xn--littra-eva.com\/index.php\/wp-json\/wp\/v2\/pages\/447\/revisions"}],"predecessor-version":[{"id":790,"href":"https:\/\/xn--littra-eva.com\/index.php\/wp-json\/wp\/v2\/pages\/447\/revisions\/790"}],"wp:attachment":[{"href":"https:\/\/xn--littra-eva.com\/index.php\/wp-json\/wp\/v2\/media?parent=447"}],"curies":[{"name":"wp","href":"https:\/\/api.w.org\/{rel}","templated":true}]}}